





{"id":130,"date":"2020-10-19T10:05:19","date_gmt":"2020-10-19T10:05:19","guid":{"rendered":"https:\/\/brechosaofrancisco.com.br\/site\/home\/"},"modified":"2024-08-06T19:41:12","modified_gmt":"2024-08-06T19:41:12","slug":"home","status":"publish","type":"page","link":"https:\/\/brechosaofrancisco.com.br\/site\/","title":{"rendered":"Home"},"content":{"rendered":"\t\t<div data-elementor-type=\"wp-page\" data-elementor-id=\"130\" class=\"elementor elementor-130\" data-elementor-post-type=\"page\">\n\t\t\t\t\t\t<section class=\"elementor-section elementor-top-section elementor-element elementor-element-f6443d1 elementor-section-full_width elementor-section-height-default elementor-section-height-default\" data-id=\"f6443d1\" data-element_type=\"section\" data-e-type=\"section\" data-settings=\"{&quot;background_background&quot;:&quot;gradient&quot;}\">\n\t\t\t\t\t\t<div class=\"elementor-container elementor-column-gap-no\">\n\t\t\t\t\t<div class=\"aux-parallax-section elementor-column elementor-col-100 elementor-top-column elementor-element elementor-element-b84d7a8\" data-id=\"b84d7a8\" data-element_type=\"column\" data-e-type=\"column\">\n\t\t\t<div class=\"elementor-widget-wrap elementor-element-populated\">\n\t\t\t\t\t\t<div class=\"aux-scroll-anim elementor-element elementor-element-0b52afe elementor-widget__width-auto aux-appear-watch-animation aux-fade-in-left-2 elementor-widget elementor-widget-aux_simple_svg\" data-move-in=\"\" data-move-out=\"moveVertical\" data-axis-x=\"25\" data-axis-y=\"200\" data-rotate=\"90\" data-scale=\"1\" data-vp-top=\"0.5\" data-vp-bot=\"0.5\" data-el-top=\"0.2\" data-scroll-animation-off=\"1024\" data-id=\"0b52afe\" data-element_type=\"widget\" data-e-type=\"widget\" data-widget_type=\"aux_simple_svg.default\">\n\t\t\t\t<div class=\"elementor-widget-container\">\n\t\t\t\t\t    <div class=\"aux-widget-container aux-simple-svg-container\">\n        <div class=\"aux-widget-container-inner\">\n            <div class=\"aux-the-svg\"><svg xmlns=\"http:\/\/www.w3.org\/2000\/svg\" width=\"121.695\" height=\"273.555\" viewBox=\"0 0 121.695 273.555\">\r\n  <g id=\"g416\" transform=\"translate(2.065 4.006) rotate(-1)\">\r\n    <path id=\"path418\" d=\"M112.4,0c0,.172,0,.3,0,.4C112.4.264,112.4.132,112.4,0ZM22.363,245.319a22.6,22.6,0,0,0,18.315-9.313C112.3,137.641,113.693,30.712,112.415.281L112.4-.1A22.631,22.631,0,0,0,67.141.4c0,.247.011.848.049,1.788.8,19.025,1.519,118.43-63.1,207.179a22.633,22.633,0,0,0,18.276,35.956Z\" transform=\"translate(0.251 22.236)\" fill=\"none\" stroke=\"var(--e-global-color-32d1d24)\" stroke-width=\"4\" \/>\r\n  <\/g>\r\n<\/svg>\r\n<\/div>\n        <\/div>\n    <\/div>\n    \t\t\t\t<\/div>\n\t\t\t\t<\/div>\n\t\t\t\t<div class=\"aux-scroll-anim elementor-element elementor-element-8112d2f elementor-widget__width-auto aux-appear-watch-animation aux-fade-in-right-2 elementor-widget elementor-widget-aux_simple_svg\" data-move-in=\"moveVertical\" data-move-out=\"moveVertical\" data-axis-x=\"200\" data-axis-y=\"15\" data-rotate=\"90\" data-scale=\"1\" data-vp-top=\"0.5\" data-vp-bot=\"0.5\" data-el-top=\"0.2\" data-scroll-animation-off=\"1024\" data-id=\"8112d2f\" data-element_type=\"widget\" data-e-type=\"widget\" data-widget_type=\"aux_simple_svg.default\">\n\t\t\t\t<div class=\"elementor-widget-container\">\n\t\t\t\t\t    <div class=\"aux-widget-container aux-simple-svg-container\">\n        <div class=\"aux-widget-container-inner\">\n            <div class=\"aux-the-svg\"><svg xmlns=\"http:\/\/www.w3.org\/2000\/svg\" width=\"147.524\" height=\"264.866\" viewBox=\"0 0 147.524 264.866\">\r\n  <defs>\r\n    <linearGradient id=\"linear-gradient\" x1=\"0.5\" x2=\"0.5\" y2=\"1\" gradientUnits=\"objectBoundingBox\">\r\n      <stop offset=\"0\" stop-color=\"var(--e-global-color-accent)\" \/>\r\n      <stop offset=\"1\" stop-color=\"var(--e-global-color-9aea99b)\" \/>\r\n    <\/linearGradient>\r\n  <\/defs>\r\n  <g id=\"g362\" transform=\"translate(13.513) rotate(3)\">\r\n    <path id=\"path364\" d=\"M-19.322,40.936A20.555,20.555,0,0,0-4.467,34.619a20.619,20.619,0,0,0-.471-29.08c-1.67-1.65-37.774-38.151-17.785-85.712,23.54-56.009,78.387-99.849,78.938-100.285a20.629,20.629,0,0,0,3.4-28.955,20.607,20.607,0,0,0-28.936-3.424C28.089-210.8-33-162.164-60.741-96.153-91.862-22.108-36.014,32.866-33.623,35.169a20.554,20.554,0,0,0,14.3,5.768\" transform=\"translate(70.15 217.26)\" fill=\"url(#linear-gradient)\" \/>\r\n  <\/g>\r\n<\/svg>\r\n<\/div>\n        <\/div>\n    <\/div>\n    \t\t\t\t<\/div>\n\t\t\t\t<\/div>\n\t\t\t\t<div class=\"aux-scroll-anim elementor-element elementor-element-a15e2d2 elementor-widget__width-auto aux-appear-watch-animation aux-fade-in-left-2 elementor-hidden-phone elementor-widget elementor-widget-aux_simple_svg\" data-move-in=\"\" data-move-out=\"moveVertical\" data-axis-x=\"200\" data-axis-y=\"60\" data-rotate=\"90\" data-scale=\"1\" data-vp-top=\"0.5\" data-vp-bot=\"0.5\" data-el-top=\"0.2\" data-scroll-animation-off=\"1024\" data-id=\"a15e2d2\" data-element_type=\"widget\" data-e-type=\"widget\" data-widget_type=\"aux_simple_svg.default\">\n\t\t\t\t<div class=\"elementor-widget-container\">\n\t\t\t\t\t    <div class=\"aux-widget-container aux-simple-svg-container\">\n        <div class=\"aux-widget-container-inner\">\n            <div class=\"aux-the-svg\"><svg id=\"g462\" xmlns=\"http:\/\/www.w3.org\/2000\/svg\" width=\"69.968\" height=\"88.237\" viewBox=\"0 0 69.968 88.237\">\r\n  <defs>\r\n    <linearGradient id=\"linear-gradient\" x1=\"0.5\" x2=\"0.5\" y2=\"1\" gradientUnits=\"objectBoundingBox\">\r\n      <stop offset=\"0\" stop-color=\"var(--e-global-color-accent)\" \/>\r\n      <stop offset=\"1\" stop-color=\"var(--e-global-color-9aea99b)\" \/>\r\n    <\/linearGradient>\r\n  <\/defs>\r\n  <path id=\"path464\" d=\"M-33.411,13.989A13.449,13.449,0,0,0-21.665,6.364C-9.129-19.753,19.041-51.531,19.324-51.85a13.449,13.449,0,0,0-1.1-18.985A13.443,13.443,0,0,0-.757-69.741c-1.258,1.412-30.962,34.9-45.155,64.466a13.449,13.449,0,0,0,6.3,17.942,13.416,13.416,0,0,0,6.2,1.322\" transform=\"translate(47.239 74.242)\" fill=\"url(#linear-gradient)\" \/>\r\n<\/svg>\r\n<\/div>\n        <\/div>\n    <\/div>\n    \t\t\t\t<\/div>\n\t\t\t\t<\/div>\n\t\t\t\t<div class=\"aux-scroll-anim elementor-element elementor-element-8bc8e4c elementor-widget__width-auto aux-appear-watch-animation aux-fade-in-right-2 elementor-hidden-phone elementor-widget elementor-widget-aux_simple_svg\" data-move-in=\"\" data-move-out=\"moveVertical\" data-axis-x=\"200\" data-axis-y=\"35\" data-rotate=\"90\" data-scale=\"1\" data-vp-top=\"0.5\" data-vp-bot=\"0.5\" data-el-top=\"0.2\" data-scroll-animation-off=\"1024\" data-id=\"8bc8e4c\" data-element_type=\"widget\" data-e-type=\"widget\" data-widget_type=\"aux_simple_svg.default\">\n\t\t\t\t<div class=\"elementor-widget-container\">\n\t\t\t\t\t    <div class=\"aux-widget-container aux-simple-svg-container\">\n        <div class=\"aux-widget-container-inner\">\n            <div class=\"aux-the-svg\"><svg xmlns=\"http:\/\/www.w3.org\/2000\/svg\" width=\"91.36\" height=\"197.108\" viewBox=\"0 0 91.36 197.108\">\r\n  <g id=\"g412\" transform=\"matrix(0.998, 0.07, -0.07, 0.998, 14.346, 1.128)\">\r\n    <path id=\"path414\" d=\"M36.007,27.4A21.07,21.07,0,0,0,49.84,22.635,21.153,21.153,0,0,0,52.851-7.129C2.744-68.51,32.549-129.233,33.84-131.788a21.1,21.1,0,0,0-9-28.485,21.213,21.213,0,0,0-28.572,9.027c-1.84,3.53-44.326,87.409,23.8,170.871A21.117,21.117,0,0,0,36.007,27.4Z\" transform=\"translate(18.496 162.663)\" fill=\"none\" stroke=\"var(--e-global-color-aaf39c1)\" stroke-width=\"2\" \/>\r\n  <\/g>\r\n<\/svg>\r\n<\/div>\n        <\/div>\n    <\/div>\n    \t\t\t\t<\/div>\n\t\t\t\t<\/div>\n\t\t\t\t<div class=\"aux-scroll-anim elementor-element elementor-element-32b92f4 elementor-widget__width-auto aux-appear-watch-animation aux-fade-in-right-2 elementor-hidden-phone elementor-widget elementor-widget-aux_simple_svg\" data-move-in=\"\" data-move-out=\"moveVertical\" data-axis-x=\"200\" data-axis-y=\"45\" data-rotate=\"90\" data-scale=\"1\" data-vp-top=\"0.5\" data-vp-bot=\"0.5\" data-el-top=\"0.2\" data-scroll-animation-off=\"1024\" data-id=\"32b92f4\" data-element_type=\"widget\" data-e-type=\"widget\" data-widget_type=\"aux_simple_svg.default\">\n\t\t\t\t<div class=\"elementor-widget-container\">\n\t\t\t\t\t    <div class=\"aux-widget-container aux-simple-svg-container\">\n        <div class=\"aux-widget-container-inner\">\n            <div class=\"aux-the-svg\"><svg xmlns=\"http:\/\/www.w3.org\/2000\/svg\" width=\"128.821\" height=\"108.789\" viewBox=\"0 0 128.821 108.789\">\r\n  <defs>\r\n    <linearGradient id=\"linear-gradient\" x1=\"0.5\" x2=\"0.5\" y2=\"1\" gradientUnits=\"objectBoundingBox\">\r\n      <stop offset=\"0\" stop-color=\"var(--e-global-color-accent)\" \/>\r\n      <stop offset=\"1\" stop-color=\"var(--e-global-color-9aea99b)\" \/>\r\n    <\/linearGradient>\r\n  <\/defs>\r\n  <g id=\"g240\" transform=\"matrix(0.407, 0.914, -0.914, 0.407, 100.26, 0)\">\r\n    <path id=\"path242\" d=\"M22.544,43.138A26.147,26.147,0,0,0,50.249,7.27,306.571,306.571,0,0,1,33.72-45.655a26.138,26.138,0,0,0-31-20.134,26.139,26.139,0,0,0-20.13,31A358.859,358.859,0,0,0,1.917,27.2,26.129,26.129,0,0,0,22.544,43.138\" transform=\"translate(17.991 66.367)\" fill=\"url(#linear-gradient)\" \/>\r\n  <\/g>\r\n<\/svg>\r\n<\/div>\n        <\/div>\n    <\/div>\n    \t\t\t\t<\/div>\n\t\t\t\t<\/div>\n\t\t\t\t<div class=\"aux-scroll-anim elementor-element elementor-element-581ec0b elementor-widget__width-auto aux-appear-watch-animation aux-fade-in-right-2 elementor-widget elementor-widget-aux_simple_svg\" data-move-in=\"\" data-move-out=\"moveVertical\" data-axis-x=\"200\" data-axis-y=\"15\" data-rotate=\"90\" data-scale=\"1\" data-vp-top=\"0.5\" data-vp-bot=\"0.5\" data-el-top=\"0.2\" data-scroll-animation-off=\"1024\" data-id=\"581ec0b\" data-element_type=\"widget\" data-e-type=\"widget\" data-widget_type=\"aux_simple_svg.default\">\n\t\t\t\t<div class=\"elementor-widget-container\">\n\t\t\t\t\t    <div class=\"aux-widget-container aux-simple-svg-container\">\n        <div class=\"aux-widget-container-inner\">\n            <div class=\"aux-the-svg\"><svg xmlns=\"http:\/\/www.w3.org\/2000\/svg\" width=\"94.686\" height=\"123.476\" viewBox=\"0 0 94.686 123.476\">\r\n  <defs>\r\n    <linearGradient id=\"linear-gradient\" x1=\"0.5\" x2=\"0.5\" y2=\"1\" gradientUnits=\"objectBoundingBox\">\r\n      <stop offset=\"0\" stop-color=\"var(--e-global-color-accent)\" \/>\r\n      <stop offset=\"1\" stop-color=\"var(--e-global-color-9aea99b)\" \/>\r\n    <\/linearGradient>\r\n  <\/defs>\r\n  <g id=\"g240\" transform=\"translate(0 16.988) rotate(-14)\">\r\n    <path id=\"path242\" d=\"M22.544,43.138A26.147,26.147,0,0,0,50.249,7.27,306.571,306.571,0,0,1,33.72-45.655a26.138,26.138,0,0,0-31-20.134,26.139,26.139,0,0,0-20.13,31A358.859,358.859,0,0,0,1.917,27.2,26.129,26.129,0,0,0,22.544,43.138\" transform=\"translate(17.991 66.367)\" fill=\"url(#linear-gradient)\" \/>\r\n  <\/g>\r\n<\/svg>\r\n<\/div>\n        <\/div>\n    <\/div>\n    \t\t\t\t<\/div>\n\t\t\t\t<\/div>\n\t\t\t\t<div class=\"aux-scroll-anim elementor-element elementor-element-7a3f776 elementor-widget__width-auto aux-appear-watch-animation aux-fade-in-right-2 elementor-widget elementor-widget-aux_simple_svg\" data-move-in=\"moveVertical\" data-move-out=\"moveVertical\" data-axis-x=\"200\" data-axis-y=\"35\" data-rotate=\"90\" data-scale=\"1\" data-vp-top=\"0.5\" data-vp-bot=\"0.5\" data-el-top=\"0.2\" data-scroll-animation-off=\"1024\" data-id=\"7a3f776\" data-element_type=\"widget\" data-e-type=\"widget\" data-widget_type=\"aux_simple_svg.default\">\n\t\t\t\t<div class=\"elementor-widget-container\">\n\t\t\t\t\t    <div class=\"aux-widget-container aux-simple-svg-container\">\n        <div class=\"aux-widget-container-inner\">\n            <div class=\"aux-the-svg\"><svg xmlns=\"http:\/\/www.w3.org\/2000\/svg\" width=\"170.553\" height=\"297.759\" viewBox=\"0 0 170.553 297.759\">\r\n  <defs>\r\n    <linearGradient id=\"linear-gradient\" x1=\"0.5\" x2=\"0.5\" y2=\"1\" gradientUnits=\"objectBoundingBox\">\r\n      <stop offset=\"0\" stop-color=\"var(--e-global-color-accent)\" \/>\r\n      <stop offset=\"1\" stop-color=\"var(--e-global-color-9aea99b)\" \/>\r\n    <\/linearGradient>\r\n  <\/defs>\r\n  <g id=\"g408\" transform=\"matrix(0.978, 0.208, -0.208, 0.978, 58.215, 0)\">\r\n    <path id=\"path410\" d=\"M-27.183,93.916A29.4,29.4,0,0,0-7.467,86.354C42.748,41.236,64.826-18.007,56.384-84.962c-6.169-48.927-26.932-84.965-27.813-86.474a29.515,29.515,0,0,0-40.366-10.623A29.515,29.515,0,0,0-22.47-141.787c2.532,4.42,60.384,108.013-24.446,184.237a29.514,29.514,0,0,0-2.229,41.68,29.445,29.445,0,0,0,21.962,9.787\" transform=\"translate(56.705 186.084)\" fill=\"url(#linear-gradient)\" \/>\r\n  <\/g>\r\n<\/svg>\r\n<\/div>\n        <\/div>\n    <\/div>\n    \t\t\t\t<\/div>\n\t\t\t\t<\/div>\n\t\t\t\t<div class=\"elementor-element elementor-element-d14c145 elementor-widget__width-auto aux-appear-watch-animation aux-fade-in elementor-hidden-phone elementor-widget elementor-widget-aux_simple_svg\" data-id=\"d14c145\" data-element_type=\"widget\" data-e-type=\"widget\" data-widget_type=\"aux_simple_svg.default\">\n\t\t\t\t<div class=\"elementor-widget-container\">\n\t\t\t\t\t    <div class=\"aux-widget-container aux-simple-svg-container\">\n        <div class=\"aux-widget-container-inner\">\n            <div class=\"aux-the-svg\"><svg xmlns=\"http:\/\/www.w3.org\/2000\/svg\" width=\"481.085\" height=\"660.915\" viewBox=\"0 0 481.085 660.915\">\r\n  <defs>\r\n    <linearGradient id=\"linear-gradient\" x1=\"0.971\" y1=\"1\" x2=\"0.567\" y2=\"0.5\" gradientUnits=\"objectBoundingBox\">\r\n      <stop offset=\"0\" stop-color=\"var(--e-global-color-accent)\" \/>\r\n      <stop offset=\"1\" stop-color=\"var(--e-global-color-9aea99b)\" \/>\r\n    <\/linearGradient>\r\n    <clipPath id=\"clip-path\">\r\n      <path id=\"path252\" d=\"M63.868,352.851H544.953V-308.063H63.868Z\" transform=\"translate(-63.868 308.063)\" fill=\"url(#linear-gradient)\" \/>\r\n    <\/clipPath>\r\n  <\/defs>\r\n  <g id=\"g248\" transform=\"translate(-63.868 308.063)\">\r\n    <g id=\"g250\" transform=\"translate(63.868 -308.063)\">\r\n      <g id=\"g256\">\r\n        <g id=\"g258\">\r\n          <path id=\"path270\" d=\"M63.868,352.851H544.953V-308.063H63.868Z\" transform=\"translate(-63.868 308.063)\" fill=\"url(#linear-gradient)\" \/>\r\n        <\/g>\r\n      <\/g>\r\n    <\/g>\r\n  <\/g>\r\n<\/svg>\r\n<\/div>\n        <\/div>\n    <\/div>\n    \t\t\t\t<\/div>\n\t\t\t\t<\/div>\n\t\t\t\t<div class=\"aux-scroll-anim elementor-element elementor-element-96be07d elementor-widget__width-auto aux-appear-watch-animation aux-fade-in-right-2 elementor-widget elementor-widget-aux_simple_svg\" data-move-in=\"\" data-move-out=\"moveHorizontal\" data-axis-x=\"30\" data-axis-y=\"200\" data-rotate=\"90\" data-scale=\"1\" data-vp-top=\"0.5\" data-vp-bot=\"0.5\" data-el-top=\"0.2\" data-scroll-animation-off=\"1024\" data-id=\"96be07d\" data-element_type=\"widget\" data-e-type=\"widget\" data-widget_type=\"aux_simple_svg.default\">\n\t\t\t\t<div class=\"elementor-widget-container\">\n\t\t\t\t\t    <div class=\"aux-widget-container aux-simple-svg-container\">\n        <div class=\"aux-widget-container-inner\">\n            <div class=\"aux-the-svg\"><img decoding=\"async\" src=\"https:\/\/brechosaofrancisco.com.br\/site\/wp-content\/uploads\/2020\/10\/path318.svg\" title=\"demo-attachment-1077-path318\" alt=\"demo-attachment-1077-path318\" loading=\"lazy\" \/><\/div>\n        <\/div>\n    <\/div>\n    \t\t\t\t<\/div>\n\t\t\t\t<\/div>\n\t\t\t\t<div class=\"aux-scroll-anim elementor-element elementor-element-eb565fe elementor-widget__width-auto aux-appear-watch-animation aux-fade-in-right-2 elementor-hidden-phone elementor-widget elementor-widget-aux_simple_svg\" data-move-in=\"\" data-move-out=\"moveVertical\" data-axis-x=\"200\" data-axis-y=\"60\" data-rotate=\"90\" data-scale=\"1\" data-vp-top=\"0.5\" data-vp-bot=\"0.5\" data-el-top=\"0.2\" data-scroll-animation-off=\"1024\" data-id=\"eb565fe\" data-element_type=\"widget\" data-e-type=\"widget\" data-widget_type=\"aux_simple_svg.default\">\n\t\t\t\t<div class=\"elementor-widget-container\">\n\t\t\t\t\t    <div class=\"aux-widget-container aux-simple-svg-container\">\n        <div class=\"aux-widget-container-inner\">\n            <div class=\"aux-the-svg\"><svg xmlns=\"http:\/\/www.w3.org\/2000\/svg\" width=\"144.553\" height=\"146.756\" viewBox=\"0 0 144.553 146.756\">\r\n  <g id=\"g94\" transform=\"translate(143.381 128.115) rotate(172)\">\r\n    <path id=\"path96\" d=\"M23.533,128.228a23.524,23.524,0,0,0,19.5-10.32c28.665-42.2,72.618-75.116,73.059-75.443A23.551,23.551,0,0,0,88.041,4.627c-2.055,1.522-50.7,37.836-83.97,86.815a23.556,23.556,0,0,0,19.461,36.787Z\" transform=\"translate(0)\" fill=\"none\" stroke=\"var(--e-global-color-32d1d24)\" stroke-width=\"2\" \/>\r\n  <\/g>\r\n<\/svg>\r\n<\/div>\n        <\/div>\n    <\/div>\n    \t\t\t\t<\/div>\n\t\t\t\t<\/div>\n\t\t\t\t<div class=\"aux-scroll-anim elementor-element elementor-element-cbceb01 elementor-widget__width-auto aux-appear-watch-animation aux-fade-in-right-2 elementor-widget elementor-widget-aux_image\" data-move-in=\"\" data-move-out=\"moveHorizontal\" data-axis-x=\"-15\" data-axis-y=\"200\" data-rotate=\"90\" data-scale=\"1\" data-vp-top=\"0.5\" data-vp-bot=\"0.5\" data-el-top=\"0.2\" data-scroll-animation-off=\"1024\" data-id=\"cbceb01\" data-element_type=\"widget\" data-e-type=\"widget\" data-widget_type=\"aux_image.default\">\n\t\t\t\t<div class=\"elementor-widget-container\">\n\t\t\t\t\t<section class=\"widget-container aux-widget-image aux-alignnone aux-parent-au1f69581d\">\n    <div class=\"aux-media-hint-frame \">\n        <div class=\"aux-media-image \" >\n        \n            \n\n            \n            <img fetchpriority=\"high\" decoding=\"async\" width=\"1098\" height=\"1078\" src=\"https:\/\/brechosaofrancisco.com.br\/site\/wp-content\/uploads\/2020\/10\/path318.png\" class=\"aux-attachment aux-featured-image aux-attachment-id-50\" alt=\"demo-attachment-469-path318\" data-ratio=\"1.02\" data-original-w=\"1098\" \/>            \n                <\/div>\n    <\/div>\n\n<\/section><!-- widget-container -->\t\t\t\t<\/div>\n\t\t\t\t<\/div>\n\t\t\t\t<div class=\"elementor-element elementor-element-1f4c0fe elementor-widget__width-auto aux-appear-watch-animation aux-fade-in-left-2 elementor-widget elementor-widget-aux_simple_svg\" data-id=\"1f4c0fe\" data-element_type=\"widget\" data-e-type=\"widget\" data-widget_type=\"aux_simple_svg.default\">\n\t\t\t\t<div class=\"elementor-widget-container\">\n\t\t\t\t\t    <div class=\"aux-widget-container aux-simple-svg-container\">\n        <div class=\"aux-widget-container-inner\">\n            <div class=\"aux-the-svg\"><svg id=\"g244\" xmlns=\"http:\/\/www.w3.org\/2000\/svg\" width=\"416.313\" height=\"458.318\" viewBox=\"0 0 416.313 458.318\">\r\n  <defs>\r\n    <linearGradient id=\"linear-gradient\" x1=\"0.765\" y1=\"0.393\" x2=\"0.644\" y2=\"0.973\" gradientUnits=\"objectBoundingBox\">\r\n      <stop offset=\"0\" stop-color=\"var(--e-global-color-accent)\" \/>\r\n      <stop offset=\"1\" stop-color=\"var(--e-global-color-9aea99b)\" \/>\r\n    <\/linearGradient>\r\n  <\/defs>\r\n  <path id=\"path246\" d=\"M137.214,184.7a75.838,75.838,0,0,1-71.189-49.737C3.058-36.769-162.326-130.493-163.988-131.42A75.71,75.71,0,0,1-193.881-234.3,75.916,75.916,0,0,1-90.838-264.241c8.791,4.824,216.262,120.734,299.225,347A75.865,75.865,0,0,1,137.214,184.7Z\" transform=\"translate(203.27 273.617)\" fill=\"url(#linear-gradient)\" \/>\r\n<\/svg>\r\n<\/div>\n        <\/div>\n    <\/div>\n    \t\t\t\t<\/div>\n\t\t\t\t<\/div>\n\t\t\t\t<div class=\"elementor-element elementor-element-be08ef3 elementor-widget__width-auto elementor-widget elementor-widget-aux_simple_svg\" data-id=\"be08ef3\" data-element_type=\"widget\" data-e-type=\"widget\" data-widget_type=\"aux_simple_svg.default\">\n\t\t\t\t<div class=\"elementor-widget-container\">\n\t\t\t\t\t    <div class=\"aux-widget-container aux-simple-svg-container\">\n        <div class=\"aux-widget-container-inner\">\n            <div class=\"aux-the-svg\"><img decoding=\"async\" src=\"https:\/\/brechosaofrancisco.com.br\/site\/wp-content\/uploads\/2020\/10\/g98.svg\" title=\"demo-attachment-135-g98\" alt=\"demo-attachment-135-g98\" loading=\"lazy\" \/><\/div>\n        <\/div>\n    <\/div>\n    \t\t\t\t<\/div>\n\t\t\t\t<\/div>\n\t\t\t\t<section class=\"elementor-section elementor-inner-section elementor-element elementor-element-e242c99 elementor-section-boxed elementor-section-height-default elementor-section-height-default\" data-id=\"e242c99\" data-element_type=\"section\" data-e-type=\"section\">\n\t\t\t\t\t\t<div class=\"elementor-container elementor-column-gap-no\">\n\t\t\t\t\t<div class=\"aux-parallax-section elementor-column elementor-col-50 elementor-inner-column elementor-element elementor-element-e062919\" data-id=\"e062919\" data-element_type=\"column\" data-e-type=\"column\">\n\t\t\t<div class=\"elementor-widget-wrap elementor-element-populated\">\n\t\t\t\t\t\t<div class=\"elementor-element elementor-element-513a52a aux-appear-watch-animation aux-slide-from-bot elementor-widget elementor-widget-aux_modern_heading\" data-id=\"513a52a\" data-element_type=\"widget\" data-e-type=\"widget\" data-widget_type=\"aux_modern_heading.default\">\n\t\t\t\t<div class=\"elementor-widget-container\">\n\t\t\t\t\t<section class=\"aux-widget-modern-heading\">\n            <div class=\"aux-widget-inner\"><h2 class=\"aux-modern-heading-primary\">Brech\u00f3 S\u00e3o Francisco<\/h2><div class=\"aux-modern-heading-description\"><p class=\"aux-modern-heading-secondary\"><strong>O maior e um dos mais antigos de Curitiba.<\/strong><\/p><div class=\"aux-modern-heading-description\"><p align=\"justify\">Inaugurado em 2001, o Brech\u00f3 S\u00e3o Francisco \u00e9 refer\u00eancia em qualidade, diversidade e disponibilidade em moda sustent\u00e1vel na cidade de Curitiba.<\/p><p align=\"justify\">Localizado no bairro S\u00e3o Francisco, possui atua\u00e7\u00e3o marcada pela inova\u00e7\u00e3o e acompanhamento das mudan\u00e7as no comportamento do consumidor.<\/p><p align=\"justify\">Disponibiliza as melhores marcas, pre\u00e7os justos, o maior estoque e o melhor atendimento.<\/p><p align=\"justify\">Conta com uma equipe altamente capacitada, focada na \u00e9tica, respeito e satisfa\u00e7\u00e3o dos clientes e fornecedores.<\/p><\/div><\/div><\/div>\n        <\/section>\t\t\t\t<\/div>\n\t\t\t\t<\/div>\n\t\t\t\t<div class=\"elementor-element elementor-element-334537b elementor-widget__width-auto aux-appear-watch-animation aux-slide-from-bot elementor-widget elementor-widget-aux_text\" data-id=\"334537b\" data-element_type=\"widget\" data-e-type=\"widget\" data-widget_type=\"aux_text.default\">\n\t\t\t\t<div class=\"elementor-widget-container\">\n\t\t\t\t\t<section class=\"widget-container aux-widget-text aux-parent-auada2bd7f\">        <div class=\"aux-widget-advanced-text aux-wrap-style-simple aux-ico-pos-left aux-text-left aux-text-resp-left aux-text-color-dark aux-text-widget-bg-center  aux-text-padding-fix \" >\n        \n                            <div class=\"aux-text-widget-header \"  >\n                        <div class=\"aux-ico-box aux-ico-large aux-ico-shape-circle aux-ico-clear \">\n                            <i aria-hidden=\"true\" class=\"aux-ico fas fa-comments\"><\/i>                        <\/div>\n                <\/div>\n            \n            <div class=\"aux-text-inner aux-text-widget-content\">\n                                <h4 class=\"col-title\">Fale Conosco<\/h4>\n                                <div class=\"widget-content\">\n                                        <p>(41) 3010-8800<\/p>                <\/div>\n                            <\/div>\n        <\/div>\n                    <div class=\"aux-text-widget-footer\">\n                <div class=\"aux-border-shape-none \">\n                                <\/div>\n            <\/div>\n        \n<\/section><!-- widget-container -->\t\t\t\t<\/div>\n\t\t\t\t<\/div>\n\t\t\t\t\t<\/div>\n\t\t<\/div>\n\t\t\t\t<div class=\"aux-parallax-section elementor-column elementor-col-50 elementor-inner-column elementor-element elementor-element-f181fcb\" data-id=\"f181fcb\" data-element_type=\"column\" data-e-type=\"column\">\n\t\t\t<div class=\"elementor-widget-wrap\">\n\t\t\t\t\t\t\t<\/div>\n\t\t<\/div>\n\t\t\t\t\t<\/div>\n\t\t<\/section>\n\t\t\t\t\t<\/div>\n\t\t<\/div>\n\t\t\t\t\t<\/div>\n\t\t<\/section>\n\t\t\t\t<\/div>\n\t\t","protected":false},"excerpt":{"rendered":"<p>Brech\u00f3 S\u00e3o Francisco O maior e um dos mais antigos de Curitiba. Inaugurado em 2001, o Brech\u00f3 S\u00e3o Francisco \u00e9 refer\u00eancia em qualidade, diversidade e disponibilidade em moda sustent\u00e1vel na cidade de Curitiba. Localizado no bairro S\u00e3o Francisco, possui atua\u00e7\u00e3o marcada pela inova\u00e7\u00e3o e acompanhamento das mudan\u00e7as no comportamento do consumidor. Disponibiliza as melhores marcas, [&hellip;]<\/p>\n","protected":false},"author":1,"featured_media":0,"parent":0,"menu_order":0,"comment_status":"closed","ping_status":"closed","template":"templates\/page-builder-content.php","meta":{"footnotes":""},"class_list":["post-130","page","type-page","status-publish","hentry"],"_links":{"self":[{"href":"https:\/\/brechosaofrancisco.com.br\/site\/wp-json\/wp\/v2\/pages\/130","targetHints":{"allow":["GET"]}}],"collection":[{"href":"https:\/\/brechosaofrancisco.com.br\/site\/wp-json\/wp\/v2\/pages"}],"about":[{"href":"https:\/\/brechosaofrancisco.com.br\/site\/wp-json\/wp\/v2\/types\/page"}],"author":[{"embeddable":true,"href":"https:\/\/brechosaofrancisco.com.br\/site\/wp-json\/wp\/v2\/users\/1"}],"replies":[{"embeddable":true,"href":"https:\/\/brechosaofrancisco.com.br\/site\/wp-json\/wp\/v2\/comments?post=130"}],"version-history":[{"count":94,"href":"https:\/\/brechosaofrancisco.com.br\/site\/wp-json\/wp\/v2\/pages\/130\/revisions"}],"predecessor-version":[{"id":454,"href":"https:\/\/brechosaofrancisco.com.br\/site\/wp-json\/wp\/v2\/pages\/130\/revisions\/454"}],"wp:attachment":[{"href":"https:\/\/brechosaofrancisco.com.br\/site\/wp-json\/wp\/v2\/media?parent=130"}],"curies":[{"name":"wp","href":"https:\/\/api.w.org\/{rel}","templated":true}]}}